{"id":208,"date":"2019-03-06T16:59:12","date_gmt":"2019-03-06T15:59:12","guid":{"rendered":"http:\/\/solo-houses.com\/about\/"},"modified":"2025-02-24T18:27:05","modified_gmt":"2025-02-24T17:27:05","slug":"about","status":"publish","type":"page","link":"https:\/\/solo-houses.com\/es\/about\/","title":{"rendered":"About"},"content":{"rendered":"<img loading=\"lazy\" decoding=\"async\" class=\"alignnone wp-image-1352 size-full\" src=\"http:\/\/solo-houses.com\/wp-content\/uploads\/2023\/12\/Screenshot-2023-12-20-at-17.16.48-1.png\" alt=\"\" width=\"1668\" height=\"1120\" srcset=\"https:\/\/solo-houses.com\/wp-content\/uploads\/2023\/12\/Screenshot-2023-12-20-at-17.16.48-1.png 1668w, https:\/\/solo-houses.com\/wp-content\/uploads\/2023\/12\/Screenshot-2023-12-20-at-17.16.48-1-300x201.png 300w, https:\/\/solo-houses.com\/wp-content\/uploads\/2023\/12\/Screenshot-2023-12-20-at-17.16.48-1-768x516.png 768w, https:\/\/solo-houses.com\/wp-content\/uploads\/2023\/12\/Screenshot-2023-12-20-at-17.16.48-1-1024x688.png 1024w, https:\/\/solo-houses.com\/wp-content\/uploads\/2023\/12\/Screenshot-2023-12-20-at-17.16.48-1-1440x967.png 1440w\" sizes=\"auto, (max-width: 1668px) 100vw, 1668px\" \/>\r\n\r\nSolo Houses es un destino arquitect\u00f3nico inmersivo junto al parque natural de los Puertos de Tortosa-Beceite en el Matarra\u00f1a, a menos de tres horas de Barcelona.\r\n\r\n&nbsp;\r\n\r\nSolo Houses establece una colecci\u00f3n en curso de casas dise\u00f1adas por arquitectos en la vanguardia de su campo, a los que se da absoluta libertad creativa para expandir las posibilidades de la arquitectura. Las casas est\u00e1n todas integradas en un impresionante entorno natural de 200 hect\u00e1reas, con las monta\u00f1as del parque natural de fondo.\r\n\r\n&nbsp;\r\n\r\nLas casas pueden alquilarse, invitando a los visitantes a vivir una experiencia arquitect\u00f3nica \u00fanica en su g\u00e9nero. Hasta la fecha, se han construido casas dise\u00f1adas por Pezo von Ellrichshausen y Office KGDVS y est\u00e1n ampliamente consideradas como algunas de las viviendas m\u00e1s extraordinarias del mundo.<span class=\"Apple-converted-space\">\u00a0<\/span>\r\n\r\n&nbsp;\r\n\r\nTomando inspiraci\u00f3n de la iniciativa hist\u00f3rica Caste Study Houses, los galeristas Eva Albarr\u00e1n y Christian Bourdais fundaron Solo Houses en 2010, encargando dise\u00f1os a algunos de los arquitectos m\u00e1s relevantes de la actualidad para establecer una colecci\u00f3n de obras maestras.\r\n\r\n&nbsp;\r\n\r\nAmuebladas con esmero y equipadas con bicicletas el\u00e9ctricas, las Solo Houses est\u00e1n a los pies de una serie de pintorescos pueblos medievales y de rutas de senderismo y ciclismo por las rec\u00f3nditas reservas naturales del Matarra\u00f1a.\r\n\r\n&nbsp;\r\n\r\nCon el objetivo de promover y preservar la belleza natural del lugar, las casas de Solo Houses son energ\u00e9ticamente autosuficientes y se enfatizan la calidad del dise\u00f1o y un enfoque respetuoso con el paisaje circundante.\r\n\r\n&nbsp;\r\n\r\nAdem\u00e1s de las casas, Solo Houses integra la bodega ecol\u00f3gica Venta d\u2019Aubert y Solo Sculpture Trail, un parque de esculturas al aire libre con obras de reconocidos artistas a lo largo de 3 kil\u00f3metros de vi\u00f1edos, campos de olivos y bosques. En conjunto, Solo Houses establece una destinaci\u00f3n cultural estimulante que busca nutrir debates en torno al dise\u00f1o contempor\u00e1neo, el arte y la naturaleza.","protected":false},"excerpt":{"rendered":"<p>Solo Houses es un destino arquitect\u00f3nico inmersivo junto al parque natural de los Puertos de Tortosa-Beceite en el Matarra\u00f1a, a&#8230;<\/p>\n","protected":false},"author":8,"featured_media":209,"parent":0,"menu_order":0,"comment_status":"closed","ping_status":"closed","template":"","meta":{"_acf_changed":false,"footnotes":""},"tags":[],"class_list":["post-208","page","type-page","status-publish","has-post-thumbnail","hentry"],"acf":[],"yoast_head":"<!-- This site is optimized with the Yoast SEO plugin v25.8 - https:\/\/yoast.com\/wordpress\/plugins\/seo\/ -->\n<title>About - Solo Houses<\/title>\n<meta name=\"robots\" content=\"index, follow, max-snippet:-1, max-image-preview:large, max-video-preview:-1\" \/>\n<link rel=\"canonical\" href=\"https:\/\/solo-houses.com\/es\/about\/\" \/>\n<meta property=\"og:locale\" content=\"es_ES\" \/>\n<meta property=\"og:type\" content=\"article\" \/>\n<meta property=\"og:title\" content=\"About - Solo Houses\" \/>\n<meta property=\"og:description\" content=\"Solo Houses es un destino arquitect\u00f3nico inmersivo junto al parque natural de los Puertos de Tortosa-Beceite en el Matarra\u00f1a, a...\" \/>\n<meta property=\"og:url\" content=\"https:\/\/solo-houses.com\/es\/about\/\" \/>\n<meta property=\"og:site_name\" content=\"Solo Houses\" \/>\n<meta property=\"article:modified_time\" content=\"2025-02-24T17:27:05+00:00\" \/>\n<meta property=\"og:image\" content=\"https:\/\/solo-houses.com\/wp-content\/uploads\/2019\/04\/solo-houses-about.jpg\" \/>\n\t<meta property=\"og:image:width\" content=\"2136\" \/>\n\t<meta property=\"og:image:height\" content=\"1200\" \/>\n\t<meta property=\"og:image:type\" content=\"image\/jpeg\" \/>\n<meta name=\"twitter:card\" content=\"summary_large_image\" \/>\n<meta name=\"twitter:label1\" content=\"Tiempo de lectura\" \/>\n\t<meta name=\"twitter:data1\" content=\"2 minutos\" \/>\n<script type=\"application\/ld+json\" class=\"yoast-schema-graph\">{\"@context\":\"https:\/\/schema.org\",\"@graph\":[{\"@type\":\"WebPage\",\"@id\":\"https:\/\/solo-houses.com\/es\/about\/\",\"url\":\"https:\/\/solo-houses.com\/es\/about\/\",\"name\":\"About - Solo Houses\",\"isPartOf\":{\"@id\":\"https:\/\/solo-houses.com\/#website\"},\"primaryImageOfPage\":{\"@id\":\"https:\/\/solo-houses.com\/es\/about\/#primaryimage\"},\"image\":{\"@id\":\"https:\/\/solo-houses.com\/es\/about\/#primaryimage\"},\"thumbnailUrl\":\"https:\/\/solo-houses.com\/wp-content\/uploads\/2019\/04\/solo-houses-about.jpg\",\"datePublished\":\"2019-03-06T15:59:12+00:00\",\"dateModified\":\"2025-02-24T17:27:05+00:00\",\"breadcrumb\":{\"@id\":\"https:\/\/solo-houses.com\/es\/about\/#breadcrumb\"},\"inLanguage\":\"es\",\"potentialAction\":[{\"@type\":\"ReadAction\",\"target\":[\"https:\/\/solo-houses.com\/es\/about\/\"]}]},{\"@type\":\"ImageObject\",\"inLanguage\":\"es\",\"@id\":\"https:\/\/solo-houses.com\/es\/about\/#primaryimage\",\"url\":\"https:\/\/solo-houses.com\/wp-content\/uploads\/2019\/04\/solo-houses-about.jpg\",\"contentUrl\":\"https:\/\/solo-houses.com\/wp-content\/uploads\/2019\/04\/solo-houses-about.jpg\",\"width\":2136,\"height\":1200},{\"@type\":\"BreadcrumbList\",\"@id\":\"https:\/\/solo-houses.com\/es\/about\/#breadcrumb\",\"itemListElement\":[{\"@type\":\"ListItem\",\"position\":1,\"name\":\"Accueil\",\"item\":\"https:\/\/solo-houses.com\/es\/\"},{\"@type\":\"ListItem\",\"position\":2,\"name\":\"About\"}]},{\"@type\":\"WebSite\",\"@id\":\"https:\/\/solo-houses.com\/#website\",\"url\":\"https:\/\/solo-houses.com\/\",\"name\":\"Solo Houses\",\"description\":\"Experience Architecture\",\"potentialAction\":[{\"@type\":\"SearchAction\",\"target\":{\"@type\":\"EntryPoint\",\"urlTemplate\":\"https:\/\/solo-houses.com\/?s={search_term_string}\"},\"query-input\":{\"@type\":\"PropertyValueSpecification\",\"valueRequired\":true,\"valueName\":\"search_term_string\"}}],\"inLanguage\":\"es\"}]}<\/script>\n<!-- \/ Yoast SEO plugin. -->","yoast_head_json":{"title":"About - Solo Houses","robots":{"index":"index","follow":"follow","max-snippet":"max-snippet:-1","max-image-preview":"max-image-preview:large","max-video-preview":"max-video-preview:-1"},"canonical":"https:\/\/solo-houses.com\/es\/about\/","og_locale":"es_ES","og_type":"article","og_title":"About - Solo Houses","og_description":"Solo Houses es un destino arquitect\u00f3nico inmersivo junto al parque natural de los Puertos de Tortosa-Beceite en el Matarra\u00f1a, a...","og_url":"https:\/\/solo-houses.com\/es\/about\/","og_site_name":"Solo Houses","article_modified_time":"2025-02-24T17:27:05+00:00","og_image":[{"width":2136,"height":1200,"url":"https:\/\/solo-houses.com\/wp-content\/uploads\/2019\/04\/solo-houses-about.jpg","type":"image\/jpeg"}],"twitter_card":"summary_large_image","twitter_misc":{"Tiempo de lectura":"2 minutos"},"schema":{"@context":"https:\/\/schema.org","@graph":[{"@type":"WebPage","@id":"https:\/\/solo-houses.com\/es\/about\/","url":"https:\/\/solo-houses.com\/es\/about\/","name":"About - Solo Houses","isPartOf":{"@id":"https:\/\/solo-houses.com\/#website"},"primaryImageOfPage":{"@id":"https:\/\/solo-houses.com\/es\/about\/#primaryimage"},"image":{"@id":"https:\/\/solo-houses.com\/es\/about\/#primaryimage"},"thumbnailUrl":"https:\/\/solo-houses.com\/wp-content\/uploads\/2019\/04\/solo-houses-about.jpg","datePublished":"2019-03-06T15:59:12+00:00","dateModified":"2025-02-24T17:27:05+00:00","breadcrumb":{"@id":"https:\/\/solo-houses.com\/es\/about\/#breadcrumb"},"inLanguage":"es","potentialAction":[{"@type":"ReadAction","target":["https:\/\/solo-houses.com\/es\/about\/"]}]},{"@type":"ImageObject","inLanguage":"es","@id":"https:\/\/solo-houses.com\/es\/about\/#primaryimage","url":"https:\/\/solo-houses.com\/wp-content\/uploads\/2019\/04\/solo-houses-about.jpg","contentUrl":"https:\/\/solo-houses.com\/wp-content\/uploads\/2019\/04\/solo-houses-about.jpg","width":2136,"height":1200},{"@type":"BreadcrumbList","@id":"https:\/\/solo-houses.com\/es\/about\/#breadcrumb","itemListElement":[{"@type":"ListItem","position":1,"name":"Accueil","item":"https:\/\/solo-houses.com\/es\/"},{"@type":"ListItem","position":2,"name":"About"}]},{"@type":"WebSite","@id":"https:\/\/solo-houses.com\/#website","url":"https:\/\/solo-houses.com\/","name":"Solo Houses","description":"Experience Architecture","potentialAction":[{"@type":"SearchAction","target":{"@type":"EntryPoint","urlTemplate":"https:\/\/solo-houses.com\/?s={search_term_string}"},"query-input":{"@type":"PropertyValueSpecification","valueRequired":true,"valueName":"search_term_string"}}],"inLanguage":"es"}]}},"_links":{"self":[{"href":"https:\/\/solo-houses.com\/es\/wp-json\/wp\/v2\/pages\/208","targetHints":{"allow":["GET"]}}],"collection":[{"href":"https:\/\/solo-houses.com\/es\/wp-json\/wp\/v2\/pages"}],"about":[{"href":"https:\/\/solo-houses.com\/es\/wp-json\/wp\/v2\/types\/page"}],"author":[{"embeddable":true,"href":"https:\/\/solo-houses.com\/es\/wp-json\/wp\/v2\/users\/8"}],"replies":[{"embeddable":true,"href":"https:\/\/solo-houses.com\/es\/wp-json\/wp\/v2\/comments?post=208"}],"version-history":[{"count":21,"href":"https:\/\/solo-houses.com\/es\/wp-json\/wp\/v2\/pages\/208\/revisions"}],"predecessor-version":[{"id":1553,"href":"https:\/\/solo-houses.com\/es\/wp-json\/wp\/v2\/pages\/208\/revisions\/1553"}],"wp:featuredmedia":[{"embeddable":true,"href":"https:\/\/solo-houses.com\/es\/wp-json\/wp\/v2\/media\/209"}],"wp:attachment":[{"href":"https:\/\/solo-houses.com\/es\/wp-json\/wp\/v2\/media?parent=208"}],"wp:term":[{"taxonomy":"post_tag","embeddable":true,"href":"https:\/\/solo-houses.com\/es\/wp-json\/wp\/v2\/tags?post=208"}],"curies":[{"name":"wp","href":"https:\/\/api.w.org\/{rel}","templated":true}]}}