{"id":227,"date":"2019-04-05T11:55:49","date_gmt":"2019-04-05T09:55:49","guid":{"rendered":"http:\/\/solo-houses.com\/book-now\/"},"modified":"2026-01-05T13:02:50","modified_gmt":"2026-01-05T12:02:50","slug":"book-now","status":"publish","type":"page","link":"https:\/\/solo-houses.com\/es\/book-now\/","title":{"rendered":"Reservas"},"content":{"rendered":"<em>Solo Pezo von Ellrichshausen<\/em>\r\n\r\n<strong>Accommodation <\/strong>\r\n\r\n\u2022 Solo Pezo welcomes up to 5 persons.\r\n\u2022 1 bedroom: 1 double-bed\r\n\u2022 1 bedroom: 3 single beds\r\n\u2022 2 shower rooms\r\n\u2022 2 restrooms\r\n\u2022 Equipped kitchen [oven, microwave, an induction cooker, tenpeyaki, dishwasher]\r\n\u2022 Swimming-pool\r\n\u2022 Wifi available\r\n\u2022 Pets friendly\r\n\r\n\u2022 Check-in at 2 pm [flexible]\r\n\u2022 Check-out at 10 am [flexible]\r\n\r\n<strong>Prices <\/strong>\r\n\r\nOff season\r\n\r\nMinimum stay-in: 3 nights\r\n\r\n\u2022 450\u20ac per night\r\n\u2022 3000\u20ac per week\r\n\r\nPeak season [July-August]\r\n\r\nMinimum stay-in: 5 nights\r\n\r\n\u2022 650\u20ac per night\r\n\u2022 4000\u20ac per week\r\n\r\n<a href=\"mailto:contact@solo-houses.com?subject=Booking Solo Pezo Von Ellrischausen\"><em>Click here to book now<\/em><\/a>\r\n\r\n<strong>For professional use<\/strong>\r\n\r\n\u2022 <a href=\"mailto:contact@solo-houses.com?subject=Professional use Booking Solo Pezo Von Ellrischausen\">Click here for price on request<\/a>\r\n\r\n&nbsp;\r\n\r\n<em>Solo Office KGDVS<\/em>\r\n\r\n<strong>Accommodation<\/strong>\r\n\r\n\u2022 Solo Office welcomes up to 6 persons.\r\n\u2022 1 suite: double bedroom, office, bathroom\r\n\u2022 1 suite: double bedroom, shower room\r\n\u2022 1 bedroom : 2 single beds\r\n\u2022 Equipped kitchen [oven, gas stove, dishwasher]\r\n\u2022 2 shower room, 1 bathroom Agape with an incredible view\r\n\u2022 Swimming-pool, an outdoor shower and a toilet in the pool-house\r\n\u2022 Wifi available\r\n\u2022 Pets friendly\r\n\r\n\u2022 Check-in at 2 pm [flexible]\r\n\u2022 Check-out at 10 am [flexible]\r\n\r\n<strong>Prices<\/strong>\r\n\r\nOff season\r\n\r\nMinimum stay-in: 3 nights\r\n\r\n\u2022 650\u20ac per night\r\n\u2022 4000\u20ac per week\r\n\r\nPeak season [July-August]\r\n\r\nMinimum stay-in: 5 nights\r\n\r\n\u2022 800\u20ac per night\r\n\u2022 5000\u20ac per week\r\n\r\n<em><a href=\"mailto:contact@solo-houses.com?subject=Booking Solo Office KGDVS\">Click here to book now<\/a>\u00a0<\/em>\r\n\r\n<strong>For professional use<\/strong>\r\n\r\n\u2022 <a href=\"mailto:contact@solo-houses.com?subject=Professional use Booking Solo Office KGDVS\">Click here for price on request<\/a>","protected":false},"excerpt":{"rendered":"<p>Solo Pezo von Ellrichshausen Accommodation \u2022 Solo Pezo welcomes up to 5 persons. \u2022 1 bedroom: 1 double-bed \u2022 1&#8230;<\/p>\n","protected":false},"author":8,"featured_media":0,"parent":0,"menu_order":0,"comment_status":"closed","ping_status":"closed","template":"page-liste.php","meta":{"_acf_changed":false,"footnotes":""},"tags":[],"class_list":["post-227","page","type-page","status-publish","hentry"],"acf":[],"yoast_head":"<!-- This site is optimized with the Yoast SEO plugin v25.8 - https:\/\/yoast.com\/wordpress\/plugins\/seo\/ -->\n<title>Reservas - Solo Houses<\/title>\n<meta name=\"description\" content=\"Reserva tu estancia en Solo Houses y vive una experiencia \u00fanica de arquitectura, naturaleza y dise\u00f1o en el Matarra\u00f1a. Reserva ahora y asegura las mejores fechas.\" \/>\n<meta name=\"robots\" content=\"index, follow, max-snippet:-1, max-image-preview:large, max-video-preview:-1\" \/>\n<link rel=\"canonical\" href=\"https:\/\/solo-houses.com\/es\/book-now\/\" \/>\n<meta property=\"og:locale\" content=\"es_ES\" \/>\n<meta property=\"og:type\" content=\"article\" \/>\n<meta property=\"og:title\" content=\"Reservas - Solo Houses\" \/>\n<meta property=\"og:description\" content=\"Reserva tu estancia en Solo Houses y vive una experiencia \u00fanica de arquitectura, naturaleza y dise\u00f1o en el Matarra\u00f1a. Reserva ahora y asegura las mejores fechas.\" \/>\n<meta property=\"og:url\" content=\"https:\/\/solo-houses.com\/es\/book-now\/\" \/>\n<meta property=\"og:site_name\" content=\"Solo Houses\" \/>\n<meta property=\"article:modified_time\" content=\"2026-01-05T12:02:50+00:00\" \/>\n<meta name=\"twitter:card\" content=\"summary_large_image\" \/>\n<meta name=\"twitter:label1\" content=\"Tiempo de lectura\" \/>\n\t<meta name=\"twitter:data1\" content=\"2 minutos\" \/>\n<script type=\"application\/ld+json\" class=\"yoast-schema-graph\">{\"@context\":\"https:\/\/schema.org\",\"@graph\":[{\"@type\":\"WebPage\",\"@id\":\"https:\/\/solo-houses.com\/es\/book-now\/\",\"url\":\"https:\/\/solo-houses.com\/es\/book-now\/\",\"name\":\"Reservas - Solo Houses\",\"isPartOf\":{\"@id\":\"http:\/\/solo-houses.com\/#website\"},\"datePublished\":\"2019-04-05T09:55:49+00:00\",\"dateModified\":\"2026-01-05T12:02:50+00:00\",\"description\":\"Reserva tu estancia en Solo Houses y vive una experiencia \u00fanica de arquitectura, naturaleza y dise\u00f1o en el Matarra\u00f1a. Reserva ahora y asegura las mejores fechas.\",\"breadcrumb\":{\"@id\":\"https:\/\/solo-houses.com\/es\/book-now\/#breadcrumb\"},\"inLanguage\":\"es\",\"potentialAction\":[{\"@type\":\"ReadAction\",\"target\":[\"https:\/\/solo-houses.com\/es\/book-now\/\"]}]},{\"@type\":\"BreadcrumbList\",\"@id\":\"https:\/\/solo-houses.com\/es\/book-now\/#breadcrumb\",\"itemListElement\":[{\"@type\":\"ListItem\",\"position\":1,\"name\":\"Accueil\",\"item\":\"https:\/\/solo-houses.com\/es\/\"},{\"@type\":\"ListItem\",\"position\":2,\"name\":\"Reservas\"}]},{\"@type\":\"WebSite\",\"@id\":\"http:\/\/solo-houses.com\/#website\",\"url\":\"http:\/\/solo-houses.com\/\",\"name\":\"Solo Houses\",\"description\":\"Experience Architecture\",\"potentialAction\":[{\"@type\":\"SearchAction\",\"target\":{\"@type\":\"EntryPoint\",\"urlTemplate\":\"http:\/\/solo-houses.com\/?s={search_term_string}\"},\"query-input\":{\"@type\":\"PropertyValueSpecification\",\"valueRequired\":true,\"valueName\":\"search_term_string\"}}],\"inLanguage\":\"es\"}]}<\/script>\n<!-- \/ Yoast SEO plugin. -->","yoast_head_json":{"title":"Reservas - Solo Houses","description":"Reserva tu estancia en Solo Houses y vive una experiencia \u00fanica de arquitectura, naturaleza y dise\u00f1o en el Matarra\u00f1a. Reserva ahora y asegura las mejores fechas.","robots":{"index":"index","follow":"follow","max-snippet":"max-snippet:-1","max-image-preview":"max-image-preview:large","max-video-preview":"max-video-preview:-1"},"canonical":"https:\/\/solo-houses.com\/es\/book-now\/","og_locale":"es_ES","og_type":"article","og_title":"Reservas - Solo Houses","og_description":"Reserva tu estancia en Solo Houses y vive una experiencia \u00fanica de arquitectura, naturaleza y dise\u00f1o en el Matarra\u00f1a. Reserva ahora y asegura las mejores fechas.","og_url":"https:\/\/solo-houses.com\/es\/book-now\/","og_site_name":"Solo Houses","article_modified_time":"2026-01-05T12:02:50+00:00","twitter_card":"summary_large_image","twitter_misc":{"Tiempo de lectura":"2 minutos"},"schema":{"@context":"https:\/\/schema.org","@graph":[{"@type":"WebPage","@id":"https:\/\/solo-houses.com\/es\/book-now\/","url":"https:\/\/solo-houses.com\/es\/book-now\/","name":"Reservas - Solo Houses","isPartOf":{"@id":"http:\/\/solo-houses.com\/#website"},"datePublished":"2019-04-05T09:55:49+00:00","dateModified":"2026-01-05T12:02:50+00:00","description":"Reserva tu estancia en Solo Houses y vive una experiencia \u00fanica de arquitectura, naturaleza y dise\u00f1o en el Matarra\u00f1a. Reserva ahora y asegura las mejores fechas.","breadcrumb":{"@id":"https:\/\/solo-houses.com\/es\/book-now\/#breadcrumb"},"inLanguage":"es","potentialAction":[{"@type":"ReadAction","target":["https:\/\/solo-houses.com\/es\/book-now\/"]}]},{"@type":"BreadcrumbList","@id":"https:\/\/solo-houses.com\/es\/book-now\/#breadcrumb","itemListElement":[{"@type":"ListItem","position":1,"name":"Accueil","item":"https:\/\/solo-houses.com\/es\/"},{"@type":"ListItem","position":2,"name":"Reservas"}]},{"@type":"WebSite","@id":"http:\/\/solo-houses.com\/#website","url":"http:\/\/solo-houses.com\/","name":"Solo Houses","description":"Experience Architecture","potentialAction":[{"@type":"SearchAction","target":{"@type":"EntryPoint","urlTemplate":"http:\/\/solo-houses.com\/?s={search_term_string}"},"query-input":{"@type":"PropertyValueSpecification","valueRequired":true,"valueName":"search_term_string"}}],"inLanguage":"es"}]}},"_links":{"self":[{"href":"https:\/\/solo-houses.com\/es\/wp-json\/wp\/v2\/pages\/227","targetHints":{"allow":["GET"]}}],"collection":[{"href":"https:\/\/solo-houses.com\/es\/wp-json\/wp\/v2\/pages"}],"about":[{"href":"https:\/\/solo-houses.com\/es\/wp-json\/wp\/v2\/types\/page"}],"author":[{"embeddable":true,"href":"https:\/\/solo-houses.com\/es\/wp-json\/wp\/v2\/users\/8"}],"replies":[{"embeddable":true,"href":"https:\/\/solo-houses.com\/es\/wp-json\/wp\/v2\/comments?post=227"}],"version-history":[{"count":77,"href":"https:\/\/solo-houses.com\/es\/wp-json\/wp\/v2\/pages\/227\/revisions"}],"predecessor-version":[{"id":1991,"href":"https:\/\/solo-houses.com\/es\/wp-json\/wp\/v2\/pages\/227\/revisions\/1991"}],"wp:attachment":[{"href":"https:\/\/solo-houses.com\/es\/wp-json\/wp\/v2\/media?parent=227"}],"wp:term":[{"taxonomy":"post_tag","embeddable":true,"href":"https:\/\/solo-houses.com\/es\/wp-json\/wp\/v2\/tags?post=227"}],"curies":[{"name":"wp","href":"https:\/\/api.w.org\/{rel}","templated":true}]}}