{"id":230,"date":"2019-04-05T11:55:59","date_gmt":"2019-04-05T09:55:59","guid":{"rendered":"http:\/\/solo-houses.com\/site\/"},"modified":"2024-04-08T17:14:04","modified_gmt":"2024-04-08T15:14:04","slug":"site","status":"publish","type":"page","link":"https:\/\/solo-houses.com\/es\/site\/","title":{"rendered":"Entorno"},"content":{"rendered":"Matarra\u00f1a, tierra de inspiraci\u00f3n\r\n\r\nEl tel\u00f3n de fondo de la majestuosa reserva natural de &#8216;Los Puertos de Beceite&#8217; nos muestra la belleza de la regi\u00f3n de Matarra\u00f1a en Espa\u00f1a. El encanto de esta zona del interior aragon\u00e9s es su mezcla de cocina, naturaleza y actividades al aire libre, a dos horas en coche del aeropuerto de Barcelona. Esta regi\u00f3n de playas salvajes, pueblos medievales, reservas naturales y vi\u00f1edos de renombre ofrece un cambio de escenario, descanso y exclusividad en el coraz\u00f3n de una de las regiones espa\u00f1olas m\u00e1s aut\u00e9nticas.","protected":false},"excerpt":{"rendered":"<p>Matarra\u00f1a, tierra de inspiraci\u00f3n El tel\u00f3n de fondo de la majestuosa reserva natural de &#8216;Los Puertos de Beceite&#8217; nos muestra&#8230;<\/p>\n","protected":false},"author":8,"featured_media":0,"parent":0,"menu_order":0,"comment_status":"closed","ping_status":"closed","template":"page-site.php","meta":{"_acf_changed":false,"footnotes":""},"tags":[],"class_list":["post-230","page","type-page","status-publish","hentry"],"acf":[],"yoast_head":"<!-- This site is optimized with the Yoast SEO plugin v25.8 - https:\/\/yoast.com\/wordpress\/plugins\/seo\/ -->\n<title>Entorno - Solo Houses<\/title>\n<meta name=\"robots\" content=\"index, follow, max-snippet:-1, max-image-preview:large, max-video-preview:-1\" \/>\n<link rel=\"canonical\" href=\"https:\/\/solo-houses.com\/es\/site\/\" \/>\n<meta property=\"og:locale\" content=\"es_ES\" \/>\n<meta property=\"og:type\" content=\"article\" \/>\n<meta property=\"og:title\" content=\"Entorno - Solo Houses\" \/>\n<meta property=\"og:description\" content=\"Matarra\u00f1a, tierra de inspiraci\u00f3n El tel\u00f3n de fondo de la majestuosa reserva natural de &#8216;Los Puertos de Beceite&#8217; nos muestra...\" \/>\n<meta property=\"og:url\" content=\"https:\/\/solo-houses.com\/es\/site\/\" \/>\n<meta property=\"og:site_name\" content=\"Solo Houses\" \/>\n<meta property=\"article:modified_time\" content=\"2024-04-08T15:14:04+00:00\" \/>\n<meta name=\"twitter:card\" content=\"summary_large_image\" \/>\n<meta name=\"twitter:label1\" content=\"Tiempo de lectura\" \/>\n\t<meta name=\"twitter:data1\" content=\"1 minuto\" \/>\n<script type=\"application\/ld+json\" class=\"yoast-schema-graph\">{\"@context\":\"https:\/\/schema.org\",\"@graph\":[{\"@type\":\"WebPage\",\"@id\":\"https:\/\/solo-houses.com\/es\/site\/\",\"url\":\"https:\/\/solo-houses.com\/es\/site\/\",\"name\":\"Entorno - Solo Houses\",\"isPartOf\":{\"@id\":\"https:\/\/solo-houses.com\/#website\"},\"datePublished\":\"2019-04-05T09:55:59+00:00\",\"dateModified\":\"2024-04-08T15:14:04+00:00\",\"breadcrumb\":{\"@id\":\"https:\/\/solo-houses.com\/es\/site\/#breadcrumb\"},\"inLanguage\":\"es\",\"potentialAction\":[{\"@type\":\"ReadAction\",\"target\":[\"https:\/\/solo-houses.com\/es\/site\/\"]}]},{\"@type\":\"BreadcrumbList\",\"@id\":\"https:\/\/solo-houses.com\/es\/site\/#breadcrumb\",\"itemListElement\":[{\"@type\":\"ListItem\",\"position\":1,\"name\":\"Accueil\",\"item\":\"https:\/\/solo-houses.com\/es\/\"},{\"@type\":\"ListItem\",\"position\":2,\"name\":\"Entorno\"}]},{\"@type\":\"WebSite\",\"@id\":\"https:\/\/solo-houses.com\/#website\",\"url\":\"https:\/\/solo-houses.com\/\",\"name\":\"Solo Houses\",\"description\":\"Experience Architecture\",\"potentialAction\":[{\"@type\":\"SearchAction\",\"target\":{\"@type\":\"EntryPoint\",\"urlTemplate\":\"https:\/\/solo-houses.com\/?s={search_term_string}\"},\"query-input\":{\"@type\":\"PropertyValueSpecification\",\"valueRequired\":true,\"valueName\":\"search_term_string\"}}],\"inLanguage\":\"es\"}]}<\/script>\n<!-- \/ Yoast SEO plugin. -->","yoast_head_json":{"title":"Entorno - Solo Houses","robots":{"index":"index","follow":"follow","max-snippet":"max-snippet:-1","max-image-preview":"max-image-preview:large","max-video-preview":"max-video-preview:-1"},"canonical":"https:\/\/solo-houses.com\/es\/site\/","og_locale":"es_ES","og_type":"article","og_title":"Entorno - Solo Houses","og_description":"Matarra\u00f1a, tierra de inspiraci\u00f3n El tel\u00f3n de fondo de la majestuosa reserva natural de &#8216;Los Puertos de Beceite&#8217; nos muestra...","og_url":"https:\/\/solo-houses.com\/es\/site\/","og_site_name":"Solo Houses","article_modified_time":"2024-04-08T15:14:04+00:00","twitter_card":"summary_large_image","twitter_misc":{"Tiempo de lectura":"1 minuto"},"schema":{"@context":"https:\/\/schema.org","@graph":[{"@type":"WebPage","@id":"https:\/\/solo-houses.com\/es\/site\/","url":"https:\/\/solo-houses.com\/es\/site\/","name":"Entorno - Solo Houses","isPartOf":{"@id":"https:\/\/solo-houses.com\/#website"},"datePublished":"2019-04-05T09:55:59+00:00","dateModified":"2024-04-08T15:14:04+00:00","breadcrumb":{"@id":"https:\/\/solo-houses.com\/es\/site\/#breadcrumb"},"inLanguage":"es","potentialAction":[{"@type":"ReadAction","target":["https:\/\/solo-houses.com\/es\/site\/"]}]},{"@type":"BreadcrumbList","@id":"https:\/\/solo-houses.com\/es\/site\/#breadcrumb","itemListElement":[{"@type":"ListItem","position":1,"name":"Accueil","item":"https:\/\/solo-houses.com\/es\/"},{"@type":"ListItem","position":2,"name":"Entorno"}]},{"@type":"WebSite","@id":"https:\/\/solo-houses.com\/#website","url":"https:\/\/solo-houses.com\/","name":"Solo Houses","description":"Experience Architecture","potentialAction":[{"@type":"SearchAction","target":{"@type":"EntryPoint","urlTemplate":"https:\/\/solo-houses.com\/?s={search_term_string}"},"query-input":{"@type":"PropertyValueSpecification","valueRequired":true,"valueName":"search_term_string"}}],"inLanguage":"es"}]}},"_links":{"self":[{"href":"https:\/\/solo-houses.com\/es\/wp-json\/wp\/v2\/pages\/230","targetHints":{"allow":["GET"]}}],"collection":[{"href":"https:\/\/solo-houses.com\/es\/wp-json\/wp\/v2\/pages"}],"about":[{"href":"https:\/\/solo-houses.com\/es\/wp-json\/wp\/v2\/types\/page"}],"author":[{"embeddable":true,"href":"https:\/\/solo-houses.com\/es\/wp-json\/wp\/v2\/users\/8"}],"replies":[{"embeddable":true,"href":"https:\/\/solo-houses.com\/es\/wp-json\/wp\/v2\/comments?post=230"}],"version-history":[{"count":13,"href":"https:\/\/solo-houses.com\/es\/wp-json\/wp\/v2\/pages\/230\/revisions"}],"predecessor-version":[{"id":1413,"href":"https:\/\/solo-houses.com\/es\/wp-json\/wp\/v2\/pages\/230\/revisions\/1413"}],"wp:attachment":[{"href":"https:\/\/solo-houses.com\/es\/wp-json\/wp\/v2\/media?parent=230"}],"wp:term":[{"taxonomy":"post_tag","embeddable":true,"href":"https:\/\/solo-houses.com\/es\/wp-json\/wp\/v2\/tags?post=230"}],"curies":[{"name":"wp","href":"https:\/\/api.w.org\/{rel}","templated":true}]}}